{"id":130,"date":"2020-01-21T14:25:03","date_gmt":"2020-01-21T14:25:03","guid":{"rendered":"https:\/\/bridge316.qodeinteractive.com\/?page_id=130"},"modified":"2021-01-22T04:53:09","modified_gmt":"2021-01-22T04:53:09","slug":"nosotros","status":"publish","type":"page","link":"https:\/\/gargiardini.com\/index.php\/nosotros\/","title":{"rendered":"NOSOTROS"},"content":{"rendered":"\t\t<div data-elementor-type=\"wp-page\" data-elementor-id=\"130\" class=\"elementor elementor-130\">\n\t\t\t\t\t\t<div class=\"elementor-inner\">\n\t\t\t\t<div class=\"elementor-section-wrap\">\n\t\t\t\t\t\t\t\t\t<section class=\"elementor-section elementor-top-section elementor-element elementor-element-7558a4ba qode_elementor_container_inner elementor-section-content-middle elementor-section-boxed elementor-section-height-default elementor-section-height-default parallax_section_no\" data-id=\"7558a4ba\" data-element_type=\"section\">\n\t\t\t\t\t\t<div class=\"elementor-container elementor-column-gap-default\">\n\t\t\t\t\t\t\t<div class=\"elementor-row\">\n\t\t\t\t\t<div class=\"elementor-column elementor-col-50 elementor-top-column elementor-element elementor-element-2b4c2b97\" data-id=\"2b4c2b97\" data-element_type=\"column\">\n\t\t\t<div class=\"elementor-column-wrap elementor-element-populated\">\n\t\t\t\t\t\t\t<div class=\"elementor-widget-wrap\">\n\t\t\t\t\t\t<div class=\"elementor-element elementor-element-4da2715 elementor-widget elementor-widget-text-editor\" data-id=\"4da2715\" data-element_type=\"widget\" data-widget_type=\"text-editor.default\">\n\t\t\t\t<div class=\"elementor-widget-container\">\n\t\t\t\t\t\t\t\t<div class=\"elementor-text-editor elementor-clearfix\">\n\t\t\t\t<h2>Lo que hacemos<\/h2>\t\t\t\t\t<\/div>\n\t\t\t\t\t\t<\/div>\n\t\t\t\t<\/div>\n\t\t\t\t<div class=\"elementor-element elementor-element-541316b elementor-widget elementor-widget-text-editor\" data-id=\"541316b\" data-element_type=\"widget\" data-widget_type=\"text-editor.default\">\n\t\t\t\t<div class=\"elementor-widget-container\">\n\t\t\t\t\t\t\t\t<div class=\"elementor-text-editor elementor-clearfix\">\n\t\t\t\t<p>Granja Gar Giardini es un concepto de producci\u00f3n natural, donde nos preocupamos por brindar un trato digno a los animales en general que nos proveen de servicios alimentarios, es por eso que contamos con gallinas bajo un estricto m\u00e9todo de libre postura, que implica que se encuentren libres de estr\u00e9s, fuera totalmente de jaula, a libre pastoreo y con alimentos adicionales 100% naturales, respetando as\u00ed la integridad de cada uno de nuestros animales y mejorando su calidad de vida\u00a0<\/p>\t\t\t\t\t<\/div>\n\t\t\t\t\t\t<\/div>\n\t\t\t\t<\/div>\n\t\t\t\t<div class=\"elementor-element elementor-element-71a2184 elementor-widget elementor-widget-text-editor\" data-id=\"71a2184\" data-element_type=\"widget\" data-widget_type=\"text-editor.default\">\n\t\t\t\t<div class=\"elementor-widget-container\">\n\t\t\t\t\t\t\t\t<div class=\"elementor-text-editor elementor-clearfix\">\n\t\t\t\t<p>Formamos uno de los principales n\u00facleos productores de Huevo de Libre Pastoreo, bajo la denominaci\u00f3n y marca \u201cDel Rancho\u201d, en sus variantes con huevo blanco y rojo seg\u00fan la preferencia del consumidor.<\/p>\t\t\t\t\t<\/div>\n\t\t\t\t\t\t<\/div>\n\t\t\t\t<\/div>\n\t\t\t\t<div class=\"elementor-element elementor-element-99fe21d elementor-widget elementor-widget-image\" data-id=\"99fe21d\" data-element_type=\"widget\" data-widget_type=\"image.default\">\n\t\t\t\t<div class=\"elementor-widget-container\">\n\t\t\t\t\t\t\t\t<div class=\"elementor-image\">\n\t\t\t\t\t\t\t\t\t\t\t\t<img width=\"796\" height=\"325\" src=\"https:\/\/gargiardini.com\/wp-content\/uploads\/2021\/01\/signature_Mesa-de-trabajo-1_Mesa-de-trabajo-1.png\" class=\"attachment-full size-full\" alt=\"\" loading=\"lazy\" srcset=\"https:\/\/gargiardini.com\/wp-content\/uploads\/2021\/01\/signature_Mesa-de-trabajo-1_Mesa-de-trabajo-1.png 796w, https:\/\/gargiardini.com\/wp-content\/uploads\/2021\/01\/signature_Mesa-de-trabajo-1_Mesa-de-trabajo-1-300x122.png 300w, https:\/\/gargiardini.com\/wp-content\/uploads\/2021\/01\/signature_Mesa-de-trabajo-1_Mesa-de-trabajo-1-768x314.png 768w, https:\/\/gargiardini.com\/wp-content\/uploads\/2021\/01\/signature_Mesa-de-trabajo-1_Mesa-de-trabajo-1-700x286.png 700w\" sizes=\"(max-width: 796px) 100vw, 796px\" \/>\t\t\t\t\t\t\t\t\t\t\t\t\t\t<\/div>\n\t\t\t\t\t\t<\/div>\n\t\t\t\t<\/div>\n\t\t\t\t\t\t<\/div>\n\t\t\t\t\t<\/div>\n\t\t<\/div>\n\t\t\t\t<div class=\"elementor-column elementor-col-50 elementor-top-column elementor-element elementor-element-392cf3b2\" data-id=\"392cf3b2\" data-element_type=\"column\">\n\t\t\t<div class=\"elementor-column-wrap elementor-element-populated\">\n\t\t\t\t\t\t\t<div class=\"elementor-widget-wrap\">\n\t\t\t\t\t\t<div class=\"elementor-element elementor-element-2f4b2ebc elementor-widget elementor-widget-image\" data-id=\"2f4b2ebc\" data-element_type=\"widget\" data-widget_type=\"image.default\">\n\t\t\t\t<div class=\"elementor-widget-container\">\n\t\t\t\t\t\t\t\t<div class=\"elementor-image\">\n\t\t\t\t\t\t\t\t\t\t\t\t<img width=\"800\" height=\"800\" src=\"https:\/\/gargiardini.com\/wp-content\/uploads\/2020\/12\/2.jpg\" class=\"attachment-full size-full\" alt=\"\" loading=\"lazy\" srcset=\"https:\/\/gargiardini.com\/wp-content\/uploads\/2020\/12\/2.jpg 800w, https:\/\/gargiardini.com\/wp-content\/uploads\/2020\/12\/2-300x300.jpg 300w, https:\/\/gargiardini.com\/wp-content\/uploads\/2020\/12\/2-150x150.jpg 150w, https:\/\/gargiardini.com\/wp-content\/uploads\/2020\/12\/2-768x768.jpg 768w, https:\/\/gargiardini.com\/wp-content\/uploads\/2020\/12\/2-570x570.jpg 570w, https:\/\/gargiardini.com\/wp-content\/uploads\/2020\/12\/2-500x500.jpg 500w, https:\/\/gargiardini.com\/wp-content\/uploads\/2020\/12\/2-700x700.jpg 700w\" sizes=\"(max-width: 800px) 100vw, 800px\" \/>\t\t\t\t\t\t\t\t\t\t\t\t\t\t<\/div>\n\t\t\t\t\t\t<\/div>\n\t\t\t\t<\/div>\n\t\t\t\t\t\t<\/div>\n\t\t\t\t\t<\/div>\n\t\t<\/div>\n\t\t\t\t\t\t\t\t<\/div>\n\t\t\t\t\t<\/div>\n\t\t<\/section>\n\t\t\t\t<section class=\"elementor-section elementor-top-section elementor-element elementor-element-cc9c52a qode_elementor_container_inner elementor-section-content-middle elementor-section-boxed elementor-section-height-default elementor-section-height-default parallax_section_no\" data-id=\"cc9c52a\" data-element_type=\"section\">\n\t\t\t\t\t\t<div class=\"elementor-container elementor-column-gap-default\">\n\t\t\t\t\t\t\t<div class=\"elementor-row\">\n\t\t\t\t\t<div class=\"elementor-column elementor-col-50 elementor-top-column elementor-element elementor-element-c8467e3\" data-id=\"c8467e3\" data-element_type=\"column\">\n\t\t\t<div class=\"elementor-column-wrap elementor-element-populated\">\n\t\t\t\t\t\t\t<div class=\"elementor-widget-wrap\">\n\t\t\t\t\t\t<div class=\"elementor-element elementor-element-8cbaf80 elementor-widget elementor-widget-image\" data-id=\"8cbaf80\" data-element_type=\"widget\" data-widget_type=\"image.default\">\n\t\t\t\t<div class=\"elementor-widget-container\">\n\t\t\t\t\t\t\t\t<div class=\"elementor-image\">\n\t\t\t\t\t\t\t\t\t\t\t\t<img width=\"1920\" height=\"2560\" src=\"https:\/\/gargiardini.com\/wp-content\/uploads\/2021\/01\/IMG_20191006_202409-scaled.jpg\" class=\"attachment-full size-full\" alt=\"\" loading=\"lazy\" srcset=\"https:\/\/gargiardini.com\/wp-content\/uploads\/2021\/01\/IMG_20191006_202409-scaled.jpg 1920w, https:\/\/gargiardini.com\/wp-content\/uploads\/2021\/01\/IMG_20191006_202409-225x300.jpg 225w, https:\/\/gargiardini.com\/wp-content\/uploads\/2021\/01\/IMG_20191006_202409-768x1024.jpg 768w, https:\/\/gargiardini.com\/wp-content\/uploads\/2021\/01\/IMG_20191006_202409-1152x1536.jpg 1152w, https:\/\/gargiardini.com\/wp-content\/uploads\/2021\/01\/IMG_20191006_202409-1536x2048.jpg 1536w, https:\/\/gargiardini.com\/wp-content\/uploads\/2021\/01\/IMG_20191006_202409-600x800.jpg 600w, https:\/\/gargiardini.com\/wp-content\/uploads\/2021\/01\/IMG_20191006_202409-700x933.jpg 700w\" sizes=\"(max-width: 1920px) 100vw, 1920px\" \/>\t\t\t\t\t\t\t\t\t\t\t\t\t\t<\/div>\n\t\t\t\t\t\t<\/div>\n\t\t\t\t<\/div>\n\t\t\t\t\t\t<\/div>\n\t\t\t\t\t<\/div>\n\t\t<\/div>\n\t\t\t\t<div class=\"elementor-column elementor-col-50 elementor-top-column elementor-element elementor-element-4f390c7\" data-id=\"4f390c7\" data-element_type=\"column\">\n\t\t\t<div class=\"elementor-column-wrap elementor-element-populated\">\n\t\t\t\t\t\t\t<div class=\"elementor-widget-wrap\">\n\t\t\t\t\t\t<div class=\"elementor-element elementor-element-dd9dccb elementor-widget elementor-widget-bridge_icon_text\" data-id=\"dd9dccb\" data-element_type=\"widget\" data-widget_type=\"bridge_icon_text.default\">\n\t\t\t\t<div class=\"elementor-widget-container\">\n\t\t\t<div class='q_icon_with_title small normal_icon '><div class=\"icon_holder \" style=\" \"><span data-icon-type=\"normal\"   style=\"\" class=\"qode_iwt_icon_holder q_font_awsome_icon fa-2x  \"><i class=\"qode_icon_font_awesome fa  qode_iwt_icon_element\" style=\"\" ><\/i><\/span><\/div><div class=\"icon_text_holder\" style=\"\"><div class=\"icon_text_inner\" style=\"\"><h3 class=\"icon_title\" style=\"\">Descripci\u00f3n del producto<\/h3><p style=''>Producto de la ovulaci\u00f3n de la gallina (gallus domesticus) y otras especies de aves que sean aceptadas para consumo humano y que presenta un olor y sabor caracter\u00edstico.<\/p><\/div><\/div><\/div>\t\t<\/div>\n\t\t\t\t<\/div>\n\t\t\t\t<div class=\"elementor-element elementor-element-91db6e0 elementor-widget elementor-widget-bridge_icon_text\" data-id=\"91db6e0\" data-element_type=\"widget\" data-widget_type=\"bridge_icon_text.default\">\n\t\t\t\t<div class=\"elementor-widget-container\">\n\t\t\t<div class='q_icon_with_title tiny normal_icon '><div class=\"icon_holder \" style=\" \"><span data-icon-type=\"normal\"   style=\"\" class=\"qode_iwt_icon_holder q_font_awsome_icon   \"><i class=\"qode_icon_font_awesome fa  qode_iwt_icon_element\" style=\"\" ><\/i><\/span><\/div><div class=\"icon_text_holder\" style=\"\"><div class=\"icon_text_inner\" style=\"\"><h3 class=\"icon_title\" style=\"\">Color de huevo<\/h3><p style=''>Depende de la raza de la gallina (Blanco o Marr\u00f3n.)  Producimos Huevo Blanco y Rojo.<\/p><\/div><\/div><\/div>\t\t<\/div>\n\t\t\t\t<\/div>\n\t\t\t\t<div class=\"elementor-element elementor-element-4469721 elementor-widget elementor-widget-bridge_icon_text\" data-id=\"4469721\" data-element_type=\"widget\" data-widget_type=\"bridge_icon_text.default\">\n\t\t\t\t<div class=\"elementor-widget-container\">\n\t\t\t<div class='q_icon_with_title tiny normal_icon '><div class=\"icon_holder \" style=\" \"><span data-icon-type=\"normal\"   style=\"\" class=\"qode_iwt_icon_holder q_font_awsome_icon   \"><i class=\"qode_icon_font_awesome fa  qode_iwt_icon_element\" style=\"\" ><\/i><\/span><\/div><div class=\"icon_text_holder\" style=\"\"><div class=\"icon_text_inner\" style=\"\"><h3 class=\"icon_title\" style=\"\">Calidad Sanitaria<\/h3><p style=''>El producto cumple con los lineamientos establecidos para la Comercializacion y Produccion establecidos en las Siguientes Normas Oficiales Mexicanas:   NOM-120-SSA1-1994. NOM-159-SSA1-2016. y NOM-051-SCFI\/SSA1-2010.<\/p><\/div><\/div><\/div>\t\t<\/div>\n\t\t\t\t<\/div>\n\t\t\t\t\t\t<\/div>\n\t\t\t\t\t<\/div>\n\t\t<\/div>\n\t\t\t\t\t\t\t\t<\/div>\n\t\t\t\t\t<\/div>\n\t\t<\/section>\n\t\t\t\t\t\t\t\t\t<\/div>\n\t\t\t<\/div>\n\t\t\t\t\t<\/div>\n\t\t","protected":false},"excerpt":{"rendered":"<p>Lo que hacemos Granja Gar Giardini es un concepto de producci\u00f3n natural, donde nos preocupamos por brindar un trato digno a los animales en general que nos proveen de servicios alimentarios, es por eso que contamos con gallinas bajo un estricto m\u00e9todo de libre postura,&#8230;<\/p>\n","protected":false},"author":1,"featured_media":0,"parent":0,"menu_order":0,"comment_status":"closed","ping_status":"closed","template":"full_width.php","meta":{"_joinchat":[]},"_links":{"self":[{"href":"https:\/\/gargiardini.com\/index.php\/wp-json\/wp\/v2\/pages\/130"}],"collection":[{"href":"https:\/\/gargiardini.com\/index.php\/wp-json\/wp\/v2\/pages"}],"about":[{"href":"https:\/\/gargiardini.com\/index.php\/wp-json\/wp\/v2\/types\/page"}],"author":[{"embeddable":true,"href":"https:\/\/gargiardini.com\/index.php\/wp-json\/wp\/v2\/users\/1"}],"replies":[{"embeddable":true,"href":"https:\/\/gargiardini.com\/index.php\/wp-json\/wp\/v2\/comments?post=130"}],"version-history":[{"count":21,"href":"https:\/\/gargiardini.com\/index.php\/wp-json\/wp\/v2\/pages\/130\/revisions"}],"predecessor-version":[{"id":352,"href":"https:\/\/gargiardini.com\/index.php\/wp-json\/wp\/v2\/pages\/130\/revisions\/352"}],"wp:attachment":[{"href":"https:\/\/gargiardini.com\/index.php\/wp-json\/wp\/v2\/media?parent=130"}],"curies":[{"name":"wp","href":"https:\/\/api.w.org\/{rel}","templated":true}]}}